{"id":2535,"date":"2023-07-28T12:25:07","date_gmt":"2023-07-28T12:25:07","guid":{"rendered":"https:\/?post_type=product&#038;p=2535"},"modified":"2023-08-07T18:29:34","modified_gmt":"2023-08-07T18:29:34","slug":"summer-abaya-bleu","status":"publish","type":"product","link":"https:\/\/forthevega.com\/index.php\/product\/summer-abaya-bleu\/","title":{"rendered":"Summer abaya bleu"},"content":{"rendered":"<p>-Abaya bleue standard ( tlbs mn s jusqu&#8217;\u00e0 xxxl)<\/p>\n<p>-Sa longueur 145cm ( tlbs whda tolha max 175cm)<\/p>\n<p>&#8211; tissu crepe sph id\u00e9al pour l&#8217;\u00e9t\u00e9<\/p>\n","protected":false},"excerpt":{"rendered":"<p>-Abaya bleue standard ( tlbs mn s jusqu&#8217;\u00e0 xxxl) -Sa longueur 145cm ( tlbs whda tolha max 175cm) &#8211; tissu crepe sph id\u00e9al pour l&#8217;\u00e9t\u00e9<\/p>\n","protected":false},"featured_media":2534,"comment_status":"open","ping_status":"closed","template":"","meta":[],"product_brand":[],"product_cat":[15],"product_tag":[],"class_list":{"0":"post-2535","1":"product","2":"type-product","3":"status-publish","4":"has-post-thumbnail","6":"product_cat-uncategorized","8":"first","9":"outofstock","10":"shipping-taxable","11":"purchasable","12":"product-type-variable"},"_links":{"self":[{"href":"https:\/\/forthevega.com\/index.php\/wp-json\/wp\/v2\/product\/2535","targetHints":{"allow":["GET"]}}],"collection":[{"href":"https:\/\/forthevega.com\/index.php\/wp-json\/wp\/v2\/product"}],"about":[{"href":"https:\/\/forthevega.com\/index.php\/wp-json\/wp\/v2\/types\/product"}],"replies":[{"embeddable":true,"href":"https:\/\/forthevega.com\/index.php\/wp-json\/wp\/v2\/comments?post=2535"}],"wp:featuredmedia":[{"embeddable":true,"href":"https:\/\/forthevega.com\/index.php\/wp-json\/wp\/v2\/media\/2534"}],"wp:attachment":[{"href":"https:\/\/forthevega.com\/index.php\/wp-json\/wp\/v2\/media?parent=2535"}],"wp:term":[{"taxonomy":"product_brand","embeddable":true,"href":"https:\/\/forthevega.com\/index.php\/wp-json\/wp\/v2\/product_brand?post=2535"},{"taxonomy":"product_cat","embeddable":true,"href":"https:\/\/forthevega.com\/index.php\/wp-json\/wp\/v2\/product_cat?post=2535"},{"taxonomy":"product_tag","embeddable":true,"href":"https:\/\/forthevega.com\/index.php\/wp-json\/wp\/v2\/product_tag?post=2535"}],"curies":[{"name":"wp","href":"https:\/\/api.w.org\/{rel}","templated":true}]}}